{"id":1555,"date":"2023-11-29T15:23:56","date_gmt":"2023-11-29T15:23:56","guid":{"rendered":"https:\/\/www.provita.hr\/?page_id=1555"},"modified":"2024-01-08T11:26:26","modified_gmt":"2024-01-08T11:26:26","slug":"medicina-rada","status":"publish","type":"page","link":"https:\/\/www.provita.hr\/en\/medicina-rada\/","title":{"rendered":"Medicina rada i sporta"},"content":{"rendered":"\n<div class=\"wp-block-columns is-layout-flex wp-container-core-columns-is-layout-9d6595d7 wp-block-columns-is-layout-flex\">\n<div class=\"wp-block-column is-layout-flow wp-block-column-is-layout-flow\" style=\"flex-basis:100%\">\n<div class=\"wp-block-group alignfull is-nowrap is-layout-flex wp-container-core-group-is-layout-ad2f72ca wp-block-group-is-layout-flex\"><style>.kb-row-layout-id1555_177d7b-ca > .kt-row-column-wrap{align-content:start;}:where(.kb-row-layout-id1555_177d7b-ca > .kt-row-column-wrap) > .wp-block-kadence-column{justify-content:start;}.kb-row-layout-id1555_177d7b-ca > .kt-row-column-wrap{column-gap:var(--global-kb-gap-lg, 4rem);row-gap:var(--global-kb-gap-md, 2rem);max-width:var( --global-content-width, 1290px );padding-left:var(--global-content-edge-padding);padding-right:var(--global-content-edge-padding);padding-top:var(--global-kb-spacing-xl, 4rem);padding-bottom:var(--global-kb-spacing-xxl, 5rem);grid-template-columns:minmax(0, calc(60% - ((var(--global-kb-gap-lg, 4rem) * 1 )\/2)))minmax(0, calc(40% - ((var(--global-kb-gap-lg, 4rem) * 1 )\/2)));}.kb-row-layout-id1555_177d7b-ca > .kt-row-layout-overlay{opacity:0.30;}@media all and (max-width: 1024px){.kb-row-layout-id1555_177d7b-ca > .kt-row-column-wrap{column-gap:var(--global-kb-gap-md, 2rem);padding-top:var(--global-kb-spacing-lg, 3rem);padding-right:var(--global-kb-spacing-lg, 3rem);padding-bottom:var(--global-kb-spacing-lg, 3rem);padding-left:var(--global-kb-spacing-lg, 3rem);grid-template-columns:minmax(0, 1fr);}}@media all and (max-width: 767px){.kb-row-layout-id1555_177d7b-ca > .kt-row-column-wrap{grid-template-columns:minmax(0, 1fr);}}<\/style><div class=\"kb-row-layout-wrap kb-row-layout-id1555_177d7b-ca alignfull has-theme-palette4-background-color kt-row-has-bg wp-block-kadence-rowlayout\"><div class=\"kt-row-column-wrap kt-has-2-columns kt-row-layout-equal kt-tab-layout-row kt-mobile-layout-row kt-row-valign-top kb-theme-content-width\">\n<style>.kadence-column1555_a63bb9-ef > .kt-inside-inner-col{display:flex;}.kadence-column1555_a63bb9-ef > .kt-inside-inner-col,.kadence-column1555_a63bb9-ef > .kt-inside-inner-col:before{border-top-left-radius:0px;border-top-right-radius:0px;border-bottom-right-radius:0px;border-bottom-left-radius:0px;}.kadence-column1555_a63bb9-ef > .kt-inside-inner-col{column-gap:var(--global-kb-gap-sm, 1rem);}.kadence-column1555_a63bb9-ef > .kt-inside-inner-col{flex-direction:column;justify-content:center;}.kadence-column1555_a63bb9-ef > .kt-inside-inner-col > .aligncenter{width:100%;}.kt-row-column-wrap > .kadence-column1555_a63bb9-ef{align-self:center;}.kt-inner-column-height-full:not(.kt-has-1-columns) > .wp-block-kadence-column.kadence-column1555_a63bb9-ef{align-self:auto;}.kt-inner-column-height-full:not(.kt-has-1-columns) > .wp-block-kadence-column.kadence-column1555_a63bb9-ef > .kt-inside-inner-col{flex-direction:column;justify-content:center;}.kadence-column1555_a63bb9-ef > .kt-inside-inner-col:before{opacity:0.3;}.kadence-column1555_a63bb9-ef{text-align:left;}.kadence-column1555_a63bb9-ef{position:relative;}@media all and (max-width: 1024px){.kt-row-column-wrap > .kadence-column1555_a63bb9-ef{align-self:center;}}@media all and (max-width: 1024px){.kt-inner-column-height-full:not(.kt-has-1-columns) > .wp-block-kadence-column.kadence-column1555_a63bb9-ef{align-self:auto;}}@media all and (max-width: 1024px){.kt-inner-column-height-full:not(.kt-has-1-columns) > .wp-block-kadence-column.kadence-column1555_a63bb9-ef > .kt-inside-inner-col{flex-direction:column;justify-content:center;}}@media all and (max-width: 1024px){.kadence-column1555_a63bb9-ef > .kt-inside-inner-col{flex-direction:column;justify-content:center;}}@media all and (max-width: 767px){.kt-row-column-wrap > .kadence-column1555_a63bb9-ef{align-self:center;}.kt-inner-column-height-full:not(.kt-has-1-columns) > .wp-block-kadence-column.kadence-column1555_a63bb9-ef{align-self:auto;}.kt-inner-column-height-full:not(.kt-has-1-columns) > .wp-block-kadence-column.kadence-column1555_a63bb9-ef > .kt-inside-inner-col{flex-direction:column;justify-content:center;}.kadence-column1555_a63bb9-ef > .kt-inside-inner-col{flex-direction:column;justify-content:center;}}<\/style>\n<div class=\"wp-block-kadence-column kadence-column1555_a63bb9-ef kb-section-dir-vertical inner-column-1\"><div class=\"kt-inside-inner-col\"><style>.wp-block-kadence-advancedheading.kt-adv-heading1555_4d29f5-a6, .wp-block-kadence-advancedheading.kt-adv-heading1555_4d29f5-a6[data-kb-block=\"kb-adv-heading1555_4d29f5-a6\"]{font-size:var(--global-kb-font-size-xxl, 4rem);line-height:1.2;font-style:normal;font-family:var( --global-body-font-family, inherit );}.wp-block-kadence-advancedheading.kt-adv-heading1555_4d29f5-a6 mark.kt-highlight, .wp-block-kadence-advancedheading.kt-adv-heading1555_4d29f5-a6[data-kb-block=\"kb-adv-heading1555_4d29f5-a6\"] mark.kt-highlight{font-style:normal;color:#f76a0c;-webkit-box-decoration-break:clone;box-decoration-break:clone;padding-top:0px;padding-right:0px;padding-bottom:0px;padding-left:0px;}.wp-block-kadence-advancedheading.kt-adv-heading1555_4d29f5-a6 img.kb-inline-image, .wp-block-kadence-advancedheading.kt-adv-heading1555_4d29f5-a6[data-kb-block=\"kb-adv-heading1555_4d29f5-a6\"] img.kb-inline-image{width:150px;vertical-align:baseline;}<\/style>\n<h2 class=\"kt-adv-heading1555_4d29f5-a6 wp-block-kadence-advancedheading has-theme-palette-9-color has-text-color\" data-kb-block=\"kb-adv-heading1555_4d29f5-a6\">Medicina rada i sporta<\/h2>\n\n\n<style>.wp-block-kadence-advancedheading.kt-adv-heading1555_f16b02-80, .wp-block-kadence-advancedheading.kt-adv-heading1555_f16b02-80[data-kb-block=\"kb-adv-heading1555_f16b02-80\"]{font-size:var(--global-kb-font-size-md, 1.25rem);line-height:1.2;font-style:normal;font-family:var( --global-body-font-family, inherit );}.wp-block-kadence-advancedheading.kt-adv-heading1555_f16b02-80 mark.kt-highlight, .wp-block-kadence-advancedheading.kt-adv-heading1555_f16b02-80[data-kb-block=\"kb-adv-heading1555_f16b02-80\"] mark.kt-highlight{font-style:normal;color:#f76a0c;-webkit-box-decoration-break:clone;box-decoration-break:clone;padding-top:0px;padding-right:0px;padding-bottom:0px;padding-left:0px;}.wp-block-kadence-advancedheading.kt-adv-heading1555_f16b02-80 img.kb-inline-image, .wp-block-kadence-advancedheading.kt-adv-heading1555_f16b02-80[data-kb-block=\"kb-adv-heading1555_f16b02-80\"] img.kb-inline-image{width:150px;vertical-align:baseline;}<\/style>\n<h2 class=\"kt-adv-heading1555_f16b02-80 wp-block-kadence-advancedheading has-theme-palette-9-color has-text-color\" data-kb-block=\"kb-adv-heading1555_f16b02-80\">pregledi specijalista medicine rada i sporta<\/h2>\n\n\n\n<p><\/p>\n\n\n<style>.wp-block-kadence-advancedheading.kt-adv-heading1555_c3dc10-50, .wp-block-kadence-advancedheading.kt-adv-heading1555_c3dc10-50[data-kb-block=\"kb-adv-heading1555_c3dc10-50\"]{margin-bottom:var(--global-kb-spacing-sm, 1.5rem);font-style:normal;}.wp-block-kadence-advancedheading.kt-adv-heading1555_c3dc10-50 mark.kt-highlight, .wp-block-kadence-advancedheading.kt-adv-heading1555_c3dc10-50[data-kb-block=\"kb-adv-heading1555_c3dc10-50\"] mark.kt-highlight{font-style:normal;color:#f76a0c;-webkit-box-decoration-break:clone;box-decoration-break:clone;padding-top:0px;padding-right:0px;padding-bottom:0px;padding-left:0px;}.wp-block-kadence-advancedheading.kt-adv-heading1555_c3dc10-50 img.kb-inline-image, .wp-block-kadence-advancedheading.kt-adv-heading1555_c3dc10-50[data-kb-block=\"kb-adv-heading1555_c3dc10-50\"] img.kb-inline-image{width:150px;vertical-align:baseline;}<\/style>\n<p class=\"kt-adv-heading1555_c3dc10-50 wp-block-kadence-advancedheading has-theme-palette-9-color has-text-color\" data-kb-block=\"kb-adv-heading1555_c3dc10-50\">Medicina rada i sporta je djelatnost \u010diji je glavni zadatak odr\u017eavanje i unapre\u0111enje zdravlja radnika i sporta\u0161a te \u0161to dulje o\u010duvanje radne i sportske sposobnosti.<\/p>\n\n\n\n<p> po<\/p>\n\n\n\n<p class=\"has-theme-palette-9-color has-text-color has-link-color wp-elements-37b2f055d8fa2e0a83fa064a29c9349d\">U Pro Viti mo\u017eete obaviti:<\/p>\n\n\n\n<ul class=\"has-theme-palette-9-color has-text-color has-link-color wp-block-list wp-elements-978659e875c308e058d670aade8313f6\">\n<li>Prve (prethodne) preglede prilikom zapo\u0161ljavanja, za otvaranje obrta ili dopunske djelatnosti<\/li>\n\n\n\n<li>Periodi\u010dne preglede radnika<\/li>\n\n\n\n<li>Preglede sporta\u0161a<\/li>\n\n\n\n<li>Preglede pomoraca<\/li>\n\n\n\n<li>Preglede za rad na naftnim platformama<\/li>\n\n\n\n<li>Preglede voza\u010da svih kategorija amatera i profesionalaca (polaganje voza\u010dkog ispita, produ\u017eenje voza\u010dke dozvole, izvanredni nadzorni zdravstvene pregledi)<\/li>\n\n\n\n<li>Preglede za dr\u017eanje i no\u0161enje oru\u017eja<\/li>\n\n\n\n<li>Preglede za\u0161titare i \u010duvare<\/li>\n\n\n\n<li>Preglede za odlazak i\/ili rad u inozemstvu<\/li>\n\n\n\n<li>Preglede ronilaca<\/li>\n\n\n\n<li>Preglede za rad u zoni ioniziraju\u0107eg zra\u010denja<\/li>\n\n\n\n<li>Preglede vida za rad s ra\u010dunalom<\/li>\n\n\n\n<li>Preglede za upise u srednje \u0161kole\/fakultete\/u\u010dili\u0161ta<\/li>\n\n\n\n<li>Te\u010dajeve prve pomo\u0107i za djelatnike<\/li>\n<\/ul>\n\n\n\n<ul class=\"wp-block-list\">\n<li><\/li>\n<\/ul>\n\n\n\n<ul class=\"wp-block-list\">\n<li><\/li>\n<\/ul>\n\n\n\n<p><\/p>\n\n\n\n<p>;M<\/p>\n<\/div><\/div>\n\n\n<style>.kadence-column1555_3cf151-57 > .kt-inside-inner-col{display:flex;}.kadence-column1555_3cf151-57 > .kt-inside-inner-col,.kadence-column1555_3cf151-57 > .kt-inside-inner-col:before{border-top-left-radius:0px;border-top-right-radius:0px;border-bottom-right-radius:0px;border-bottom-left-radius:0px;}.kadence-column1555_3cf151-57 > .kt-inside-inner-col{column-gap:var(--global-kb-gap-sm, 1rem);}.kadence-column1555_3cf151-57 > .kt-inside-inner-col{flex-direction:column;justify-content:flex-start;}.kadence-column1555_3cf151-57 > .kt-inside-inner-col > .aligncenter{width:100%;}.kt-row-column-wrap > .kadence-column1555_3cf151-57{align-self:flex-start;}.kt-inner-column-height-full:not(.kt-has-1-columns) > .wp-block-kadence-column.kadence-column1555_3cf151-57{align-self:auto;}.kt-inner-column-height-full:not(.kt-has-1-columns) > .wp-block-kadence-column.kadence-column1555_3cf151-57 > .kt-inside-inner-col{flex-direction:column;justify-content:flex-start;}.kadence-column1555_3cf151-57 > .kt-inside-inner-col:before{opacity:0.3;}.kadence-column1555_3cf151-57{text-align:left;}.kadence-column1555_3cf151-57{position:relative;}@media all and (max-width: 1024px){.kt-row-column-wrap > .kadence-column1555_3cf151-57{align-self:flex-start;}}@media all and (max-width: 1024px){.kt-inner-column-height-full:not(.kt-has-1-columns) > .wp-block-kadence-column.kadence-column1555_3cf151-57{align-self:auto;}}@media all and (max-width: 1024px){.kt-inner-column-height-full:not(.kt-has-1-columns) > .wp-block-kadence-column.kadence-column1555_3cf151-57 > .kt-inside-inner-col{flex-direction:column;justify-content:flex-start;}}@media all and (max-width: 1024px){.kadence-column1555_3cf151-57 > .kt-inside-inner-col{flex-direction:column;justify-content:flex-start;}}@media all and (max-width: 767px){.kt-row-column-wrap > .kadence-column1555_3cf151-57{align-self:flex-start;}.kt-inner-column-height-full:not(.kt-has-1-columns) > .wp-block-kadence-column.kadence-column1555_3cf151-57{align-self:auto;}.kt-inner-column-height-full:not(.kt-has-1-columns) > .wp-block-kadence-column.kadence-column1555_3cf151-57 > .kt-inside-inner-col{flex-direction:column;justify-content:flex-start;}.kadence-column1555_3cf151-57 > .kt-inside-inner-col{flex-direction:column;justify-content:flex-start;}}<\/style>\n<div class=\"wp-block-kadence-column kadence-column1555_3cf151-57 kb-section-dir-vertical inner-column-2\"><div class=\"kt-inside-inner-col\"><style>.kb-image1555_0a890d-98:not(.kb-image-is-ratio-size) .kb-img, .kb-image1555_0a890d-98.kb-image-is-ratio-size{padding-top:0px;}.kb-image1555_0a890d-98 .kb-image-has-overlay:after{opacity:0.3;}<\/style>\n<figure class=\"wp-block-kadence-image kb-image1555_0a890d-98 size-large kb-image-is-ratio-size\"><div class=\"kb-is-ratio-image kb-image-ratio-square\"><img loading=\"lazy\" decoding=\"async\" width=\"1024\" height=\"683\" src=\"https:\/\/www.provita.hr\/wp-content\/uploads\/2023\/11\/Osoblje6-1024x683.png\" alt=\"\" class=\"kb-img wp-image-1455\" srcset=\"https:\/\/www.provita.hr\/wp-content\/uploads\/2023\/11\/Osoblje6-1024x683.png 1024w, https:\/\/www.provita.hr\/wp-content\/uploads\/2023\/11\/Osoblje6-300x200.png 300w, https:\/\/www.provita.hr\/wp-content\/uploads\/2023\/11\/Osoblje6-768x512.png 768w, https:\/\/www.provita.hr\/wp-content\/uploads\/2023\/11\/Osoblje6.png 1280w\" sizes=\"auto, (max-width: 1024px) 100vw, 1024px\" \/><\/div><\/figure>\n\n\n<style>.kadence-column1555_d2c1b1-40 > .kt-inside-inner-col,.kadence-column1555_d2c1b1-40 > .kt-inside-inner-col:before{border-top-left-radius:0px;border-top-right-radius:0px;border-bottom-right-radius:0px;border-bottom-left-radius:0px;}.kadence-column1555_d2c1b1-40 > .kt-inside-inner-col{column-gap:var(--global-kb-gap-sm, 1rem);}.kadence-column1555_d2c1b1-40 > .kt-inside-inner-col{flex-direction:column;}.kadence-column1555_d2c1b1-40 > .kt-inside-inner-col > .aligncenter{width:100%;}.kadence-column1555_d2c1b1-40 > .kt-inside-inner-col:before{opacity:0.3;}.kadence-column1555_d2c1b1-40{position:relative;}@media all and (max-width: 1024px){.kadence-column1555_d2c1b1-40 > .kt-inside-inner-col{flex-direction:column;justify-content:center;}}@media all and (max-width: 767px){.kadence-column1555_d2c1b1-40 > .kt-inside-inner-col{flex-direction:column;justify-content:center;}}<\/style>\n<div class=\"wp-block-kadence-column kadence-column1555_d2c1b1-40\"><div class=\"kt-inside-inner-col\"><style>.kb-image1555_e163ff-24 .kb-image-has-overlay:after{opacity:0.3;}<\/style>\n<figure class=\"wp-block-kadence-image kb-image1555_e163ff-24 size-large\"><img loading=\"lazy\" decoding=\"async\" width=\"854\" height=\"854\" src=\"https:\/\/www.provita.hr\/wp-content\/uploads\/2024\/01\/Osoblje4-edited.png\" alt=\"\" class=\"kb-img wp-image-1699\" srcset=\"https:\/\/www.provita.hr\/wp-content\/uploads\/2024\/01\/Osoblje4-edited.png 854w, https:\/\/www.provita.hr\/wp-content\/uploads\/2024\/01\/Osoblje4-edited-300x300.png 300w, https:\/\/www.provita.hr\/wp-content\/uploads\/2024\/01\/Osoblje4-edited-150x150.png 150w, https:\/\/www.provita.hr\/wp-content\/uploads\/2024\/01\/Osoblje4-edited-768x768.png 768w\" sizes=\"auto, (max-width: 854px) 100vw, 854px\" \/><\/figure>\n<\/div><\/div>\n<\/div><\/div>\n\n\n<style>.kadence-column1555_73691b-67 > .kt-inside-inner-col,.kadence-column1555_73691b-67 > .kt-inside-inner-col:before{border-top-left-radius:0px;border-top-right-radius:0px;border-bottom-right-radius:0px;border-bottom-left-radius:0px;}.kadence-column1555_73691b-67 > .kt-inside-inner-col{column-gap:var(--global-kb-gap-sm, 1rem);}.kadence-column1555_73691b-67 > .kt-inside-inner-col{flex-direction:column;}.kadence-column1555_73691b-67 > .kt-inside-inner-col > .aligncenter{width:100%;}.kadence-column1555_73691b-67 > .kt-inside-inner-col:before{opacity:0.3;}.kadence-column1555_73691b-67{position:relative;}@media all and (max-width: 1024px){.kadence-column1555_73691b-67 > .kt-inside-inner-col{flex-direction:column;justify-content:center;}}@media all and (max-width: 767px){.kadence-column1555_73691b-67 > .kt-inside-inner-col{flex-direction:column;justify-content:center;}}<\/style>\n<div class=\"wp-block-kadence-column kadence-column1555_73691b-67\"><div class=\"kt-inside-inner-col\"><\/div><\/div>\n\n\n<style>.kadence-column1555_c7e089-c5 > .kt-inside-inner-col,.kadence-column1555_c7e089-c5 > .kt-inside-inner-col:before{border-top-left-radius:0px;border-top-right-radius:0px;border-bottom-right-radius:0px;border-bottom-left-radius:0px;}.kadence-column1555_c7e089-c5 > .kt-inside-inner-col{column-gap:var(--global-kb-gap-sm, 1rem);}.kadence-column1555_c7e089-c5 > .kt-inside-inner-col{flex-direction:column;}.kadence-column1555_c7e089-c5 > .kt-inside-inner-col > .aligncenter{width:100%;}.kadence-column1555_c7e089-c5 > .kt-inside-inner-col:before{opacity:0.3;}.kadence-column1555_c7e089-c5{position:relative;}@media all and (max-width: 1024px){.kadence-column1555_c7e089-c5 > .kt-inside-inner-col{flex-direction:column;justify-content:center;}}@media all and (max-width: 767px){.kadence-column1555_c7e089-c5 > .kt-inside-inner-col{flex-direction:column;justify-content:center;}}<\/style>\n<div class=\"wp-block-kadence-column kadence-column1555_c7e089-c5\"><div class=\"kt-inside-inner-col\"><\/div><\/div>\n\n<\/div><\/div><\/div>\n<\/div>\n<\/div>\n","protected":false},"excerpt":{"rendered":"<p>Medicina rada i sporta pregledi specijalista medicine rada i sporta Medicina rada i sporta je djelatnost \u010diji je glavni zadatak odr\u017eavanje i unapre\u0111enje zdravlja radnika i sporta\u0161a te \u0161to dulje o\u010duvanje radne i sportske sposobnosti. po U Pro Viti mo\u017eete obaviti: ;M<\/p>","protected":false},"author":1,"featured_media":0,"parent":0,"menu_order":0,"comment_status":"closed","ping_status":"closed","template":"","meta":{"_kadence_starter_templates_imported_post":false,"_kad_post_transparent":"disable","_kad_post_title":"hide","_kad_post_layout":"default","_kad_post_sidebar_id":"","_kad_post_content_style":"","_kad_post_vertical_padding":"hide","_kad_post_feature":"","_kad_post_feature_position":"","_kad_post_header":false,"_kad_post_footer":false,"_kad_post_classname":"","footnotes":""},"folder":[],"class_list":["post-1555","page","type-page","status-publish","hentry"],"_links":{"self":[{"href":"https:\/\/www.provita.hr\/en\/wp-json\/wp\/v2\/pages\/1555","targetHints":{"allow":["GET"]}}],"collection":[{"href":"https:\/\/www.provita.hr\/en\/wp-json\/wp\/v2\/pages"}],"about":[{"href":"https:\/\/www.provita.hr\/en\/wp-json\/wp\/v2\/types\/page"}],"author":[{"embeddable":true,"href":"https:\/\/www.provita.hr\/en\/wp-json\/wp\/v2\/users\/1"}],"replies":[{"embeddable":true,"href":"https:\/\/www.provita.hr\/en\/wp-json\/wp\/v2\/comments?post=1555"}],"version-history":[{"count":13,"href":"https:\/\/www.provita.hr\/en\/wp-json\/wp\/v2\/pages\/1555\/revisions"}],"predecessor-version":[{"id":1701,"href":"https:\/\/www.provita.hr\/en\/wp-json\/wp\/v2\/pages\/1555\/revisions\/1701"}],"wp:attachment":[{"href":"https:\/\/www.provita.hr\/en\/wp-json\/wp\/v2\/media?parent=1555"}],"wp:term":[{"taxonomy":"folder","embeddable":true,"href":"https:\/\/www.provita.hr\/en\/wp-json\/wp\/v2\/folder?post=1555"}],"curies":[{"name":"wp","href":"https:\/\/api.w.org\/{rel}","templated":true}]}}